{"id":5,"date":"2023-11-05T16:51:19","date_gmt":"2023-11-05T15:51:19","guid":{"rendered":"https:\/\/droitausoleil.ovh\/?page_id=5"},"modified":"2025-02-10T13:00:27","modified_gmt":"2025-02-10T12:00:27","slug":"quest-ce-que-le-droit-au-soleil-pour-un-logement","status":"publish","type":"page","link":"https:\/\/droitausoleil.ovh\/","title":{"rendered":"Qu&rsquo;est-ce que le Droit au Soleil pour un logement ???"},"content":{"rendered":"\n<figure class=\"wp-block-image size-full\"><img loading=\"lazy\" decoding=\"async\" width=\"1291\" height=\"388\" src=\"http:\/\/droitausoleil.ovh\/wp-content\/uploads\/2023\/11\/maisons.jpg\" alt=\"\" class=\"wp-image-19\" srcset=\"https:\/\/droitausoleil.ovh\/wp-content\/uploads\/2023\/11\/maisons.jpg 1291w, https:\/\/droitausoleil.ovh\/wp-content\/uploads\/2023\/11\/maisons-300x90.jpg 300w, https:\/\/droitausoleil.ovh\/wp-content\/uploads\/2023\/11\/maisons-1024x308.jpg 1024w, https:\/\/droitausoleil.ovh\/wp-content\/uploads\/2023\/11\/maisons-768x231.jpg 768w\" sizes=\"auto, (max-width: 1291px) 100vw, 1291px\" \/><\/figure>\n\n\n\n<div class=\"wp-block-group is-layout-constrained wp-block-group-is-layout-constrained\">\n<p>Vous voyez ces 2 maisons solaires dans leur lotissement&#8230;&nbsp;&nbsp;<\/p>\n\n\n\n<p>Il se trouve que dans les lotissements o\u00f9 ces 2 maisons sont implant\u00e9es et juste devant ces maisons, il y a justement une rue au sud, enfin plus exactement au sud-ouest&#8230;\u00a0<\/p>\n\n\n\n<p>Donc, pas d&rsquo;arbres, pas d&rsquo;immeubles, donc, pas de risques, <strong>ad vitam aeternam,<\/strong> qu&rsquo;il y ait un jour des ombres port\u00e9es sur les capteurs solaires thermiques, photovoltaiques ou m\u00eame sur les vitres de la maison qui participent bien entendu au chauffage de la maison en hiver.<\/p>\n\n\n\n<p>Car en hiver, \u00e0 13 h administrative en France (12h solaire) et au plus haut de sa course durant la journ\u00e9e, le soleil n&rsquo;est qu&rsquo;\u00e0 15\u00b0 au dessus de l&rsquo;horizon \u00e0 Dunkerque mais tout de m\u00eame \u00e0 26\u00b0 au dessus de l&rsquo;horizon \u00e0 Font Romeu&#8230; <\/p>\n\n\n\n<p>Et c&rsquo;est toujours le 21 d\u00e9cembre qu&rsquo;est le jour le moins long en France m\u00e9tropolitaine et qu&rsquo;il est vraiment judicieux de capter la chaleur du soleil d\u00e8s qu&rsquo;il apparait pour id\u00e9alement chauffer nos maisons durant notre longue saison froide si elles sont bien <a href=\"http:\/\/batirpleinsud.fr\" target=\"_blank\" rel=\"noreferrer noopener\"><mark style=\"background-color:rgba(0, 0, 0, 0);color:#f89125\" class=\"has-inline-color\"><strong>con\u00e7ues.<\/strong><\/mark><\/a><\/p>\n\n\n\n<p>Car tr\u00e8s logiquement, c&rsquo;est \u00e0 ce moment-l\u00e0 qu&rsquo;il a le plus de puissance et c&rsquo;est donc autour de ce moment-l\u00e0 (entre 11 h et 15 h) qu&rsquo;il faut \u00eatre pr\u00eat \u00e0 capter la chaleur solaire et les rayonnements solaires, si, bien entendu, le soleil brille ce jour-l\u00e0 !&#8230;<\/p>\n\n\n\n<p>En r\u00e9sum\u00e9, le <mark>droit au soleil<\/mark>, c&rsquo;est cela !&#8230;<\/p>\n\n\n\n<p>Il ne suffit pas de trouver un terrain bien expos\u00e9 plein sud, ce qui est d\u00e9j\u00e0 tr\u00e8s difficile <strong>!&#8230;<br><\/strong><\/p>\n\n\n\n<p><strong>mais<\/strong><\/p>\n\n\n\n<p>si votre voisin au sud de votre terrain plante, tout \u00e0 fait l\u00e9galement, un beau pin parasol \u00e0 2,5 m de votre cl\u00f4ture, vous pourrez jeter vos capteurs solaires \u00e0 la poubelle car 75 % de l&rsquo;ann\u00e9e, et ce, dans une dizaine d&rsquo;ann\u00e9es seulement, sauf en \u00e9t\u00e9 du 1er juin au 30 septembre, l&rsquo;ombre de l&rsquo;\u00e9norme pin parasol de votre gentil voisin, \u00e0 plus de 12 m\u00e8tres fera que les rayons du soleil ne pourront plus taper sur votre chauffe-eau solaire et donc ne chaufferont plus votre eau chaude&#8230;&nbsp;<\/p>\n\n\n\n<p>De plus, vos capteurs photovoltaiques produiront beaucoup moins ou plus du tout suivant le type de connections entre les cellules photovolta\u00efques, en parall\u00e8le ou en ligne&#8230;<\/p>\n\n\n\n<p>Le \u00ab\u00a0<mark>droit au soleil<\/mark> pour chaque habitat\u00a0\u00bb n&rsquo;existe pas dans notre beau pays gorg\u00e9 de soleil de 41\u00b0 Nord (Perpignan) jusqu&rsquo;\u00e0 51\u00b0N (Dunkerque) alors que d&rsquo;autres pays, moins privil\u00e9gi\u00e9s que le n\u00f4tre, ont introduit ce droit depuis des lustres.&nbsp; Cherchez pourquoi ???Page 2 :<\/p>\n\n\n\n<p>Vous avez un projet de construction ???.<\/p>\n\n\n\n<p>Orientez bien \u00e9videmment votre maison au Sud. En plus, vous avez donc compris qu&rsquo;il faut que vous ayiez et GARDIEZ VOTRE <mark>DROIT AU SOLEIL<\/mark>.<\/p>\n\n\n\n<p>C&rsquo;est en effet une grosse partie de votre chauffage pour la dur\u00e9e de vie de votre maison.<\/p>\n\n\n\n<p>C&rsquo;est pourquoi c&rsquo;est TRES IMPORTANT de bien \u00e9tudier votre projet, et voire trop important pour confier cette r\u00e9alisation \u00e0 des entreprises du b\u00e2timent peu inform\u00e9es (voire peu soucieuses) sur l&rsquo;ensemble de votre probl\u00e9matique de vie et surtout d\u00e9sireux de signer un contrat de construction de plus.<\/p>\n\n\n\n<p>NE VOUS TROMPEZ DONC PAS A CE STADE !&#8230;.<\/p>\n\n\n\n<p>UNE BONNE ORIENTATION PLEIN SUD est n\u00e9cessaire sur un terrain proche des transports en commun, mais ce n&rsquo;est pas suffisant : il faut aussi une architecture ad\u00e9quate, id\u00e9alement <strong>BIOCLIMATIQUE<\/strong>, et r\u00e9aliser une construction avec de bons mat\u00e9riaux, id\u00e9alement des mat\u00e9riaux sains, mais <strong>JUDICIEUSEMENT MIS EN OEUVRE <\/strong>sans ponts thermiques, sans pi\u00e8ge pour l&rsquo;humidit\u00e9 et enfin couverte de CAPTEURS SOLAIRES EFFICACES si vous le souhaitez, c&rsquo;est la partie visible de l&rsquo;iceberg et qui vous feront ECONOMISER <strong>\u00e9ventuellement EN 25 ANS LE PRIX D&rsquo;ACHAT DE VOTRE MAISON !&#8230; :<\/strong><\/p>\n\n\n\n<p>2500 \u20ac\/an de chauffage et d&rsquo;eau chaude \u00e9conomis\u00e9s &amp; 750 \u20ac d&rsquo;\u00e9lectricit\u00e9 par an vendue \u00e0 EDF<\/p>\n\n\n\n<p>La construction, c&rsquo;est depuis la nuit des temps, l&rsquo;acte le plus banal au monde, accessible \u00e0 toutes et tous, il suffit&nbsp; &nbsp; &nbsp; &nbsp; &nbsp; &nbsp; &nbsp; &nbsp; d&#8217;empiler des pierres, des briques ou des parpaings les uns sur les autres mais, en fait, compte tenu de la surconsommation colossale d&rsquo;\u00e9nergie fossile ou nucl\u00e9aire, perturbant notre environnement et b\u00eatement gaspill\u00e9e pour chauffer (voire rafraichir !&#8230;) un b\u00e2timent par d\u00e9finition immobile, cela va devenir le lieu o\u00f9 la mati\u00e8re grise :&nbsp;<\/p>\n\n\n\n<p>toutes les recherches en amont de la construction pour valoriser les ressources locales et la comp\u00e9tence technique en aval au moment de la construction proprement dites seront vraiment n\u00e9cessaires, que cela plaise aux Pouvoirs Publics ou non.<\/p>\n\n\n\n<p>Ne parlons pas du confort de vie in\u00e9galable que vous aurez, votre vie durant, \u00e0 l&rsquo;int\u00e9rieur de ce type de maison o\u00f9, donc, la mati\u00e8re grise mise en oeuvre (l&rsquo;\u00e9tude pr\u00e9alable) sera sup\u00e9rieure en temps et en argent \u00e0 la mise en oeuvre de cette mati\u00e8re elle-m\u00eame lors de la construction.<\/p>\n\n\n\n<p>Alors afin de vous \u00e9viter des frais inutiles, nous avons cr\u00e9\u00e9 cette association dans l&rsquo;id\u00e9e de vous aider \u00e0 mieux r\u00e9fl\u00e9chir, et d&rsquo;optimiser tous ces frais &#8230;&nbsp;<\/p>\n\n\n\n<p>Nous avons&nbsp;en effet regroup\u00e9, d\u2019une part, des particuliers qui souhaitent faire bouger la r\u00e9glementation et les habitudes constructives en France, notamment parce qu\u2019ils ont leur propre projet de construction et, d\u2019autre part, quelques professionnels b\u00e9n\u00e9voles retrait\u00e9s, des architectes militants, des personnes morales \u00e0 objet social, des associations de protection de l\u2019environnement notamment et quelques industriels du solaire, s\u00e9lectionn\u00e9s pour la qualit\u00e9 de leurs productions et d\u00e9sireux de faire avancer \u00e9galement la cause du solaire en France.<\/p>\n\n\n\n<p>Notre objectif est d&rsquo;informer gratuitement et b\u00e9n\u00e9volement des particuliers s\u00e9lectionn\u00e9s gr\u00e2ce \u00e0 Internet, sans publicit\u00e9 !&#8230;, mais ayant un projet de construction de logement individuel (ou d\u00e9sireux de s&rsquo;associer \u00e0 la construction d&rsquo;un immeuble collectif) afin que nous puissions vous repr\u00e9senter lorsque nous allons informer et sensibiliser les d\u00e9cideurs : pouvoir politique local et administration de la Direction des Services de l&rsquo;Urbanisme et de la Direction des B\u00e2timents de France.<\/p>\n\n\n\n<p>Nous sommes l\u00e0 pour vous aider \u00e0 r\u00e9fl\u00e9chir calmement \u00e0 monter un beau projet, l&rsquo;investissement de toute votre vie et qui vous co\u00fbtera en d\u00e9finitive moins cher que si vous alliez voir le premier constructeur venu qui va vous planter votre maison sur son seul terrain disponible !&#8230; et surtout le faire juste \u00e0 la limite de vos capacit\u00e9s financi\u00e8res.<\/p>\n\n\n\n<p>Une bonne r\u00e9flexion pr\u00e9alable vous permettra donc de mettre au point un mini cahier des charges pour pouvoir choisir un bon constructeur, gage de plus value lors de la revente de votre maison.<\/p>\n\n\n\n<p>Envoyez-nous un e-mail \u00e0 :&nbsp;<\/p>\n\n\n\n<p><strong>droitausoleil(at)orange.fr &nbsp;&nbsp;<\/strong><\/p>\n\n\n\n<p>&nbsp; &nbsp; &nbsp; &nbsp; &nbsp; &nbsp; &nbsp;&nbsp; (remplacer, svp, (at) par @) &nbsp;&nbsp;<\/p>\n\n\n\n<p>afin que nous puissions d\u00e9marrer l&rsquo;\u00e9tude de votre projet et en faire une analyse totalement gratuite&#8230;Page 3 :<br><\/p>\n\n\n\n<p>Notre association, cr\u00e9\u00e9e officiellement le 8 novembre 2007, s&rsquo;appelle :<\/p>\n\n\n\n<p><mark>DROIT AU SOLEIL<\/mark> POUR CHAQUE HABITAT :<\/p>\n\n\n\n<p><a href=\"http:\/\/www.droitausoleil.org\/\" target=\"_blank\" rel=\"noreferrer noopener\">http:\/\/www.droitausoleil.org\/<\/a><\/p>\n\n\n\n<p>et nous avons eu notre num\u00e9ro de SIRET le 15 mai 2008;<\/p>\n\n\n\n<p>Les membres du conseil d&rsquo;administration sont : Sandrine Collet, H\u00e9l\u00e8ne Daniel et Francis Meuley, tous 3 fondateurs et premiers membres du Conseil d\u2019Administration&#8230;<\/p>\n\n\n\n<p>Vous \u00eates un professionnel du secteur et militant : Rejoignez-nous pour \u00e9toffer notre \u00e9quipe !&#8230; Il y a beaucoup \u00e0 faire !&#8230;<\/p>\n\n\n\n<p>Et si vous souhaitiez nous exposer par \u00e9crit d\u00e8s maintenant votre projet de construction, vous pouvez nous \u00e9crire \u00e0 : droitausoleil(at)orange.fr<\/p>\n<\/div>\n","protected":false},"excerpt":{"rendered":"<p>Vous voyez ces 2 maisons solaires dans leur lotissement&#8230;&nbsp;&nbsp; Il se trouve que dans les lotissements o\u00f9 ces 2 maisons sont implant\u00e9es et juste devant ces maisons, il y a justement une rue au sud, enfin plus exactement au sud-ouest&#8230;\u00a0 Donc, pas d&rsquo;arbres, pas d&rsquo;immeubles, donc, pas de risques, ad vitam aeternam, qu&rsquo;il y ait [&hellip;]<\/p>\n","protected":false},"author":1,"featured_media":0,"parent":0,"menu_order":0,"comment_status":"closed","ping_status":"closed","template":"","meta":{"footnotes":""},"class_list":["post-5","page","type-page","status-publish","hentry"],"_links":{"self":[{"href":"https:\/\/droitausoleil.ovh\/index.php\/wp-json\/wp\/v2\/pages\/5","targetHints":{"allow":["GET"]}}],"collection":[{"href":"https:\/\/droitausoleil.ovh\/index.php\/wp-json\/wp\/v2\/pages"}],"about":[{"href":"https:\/\/droitausoleil.ovh\/index.php\/wp-json\/wp\/v2\/types\/page"}],"author":[{"embeddable":true,"href":"https:\/\/droitausoleil.ovh\/index.php\/wp-json\/wp\/v2\/users\/1"}],"replies":[{"embeddable":true,"href":"https:\/\/droitausoleil.ovh\/index.php\/wp-json\/wp\/v2\/comments?post=5"}],"version-history":[{"count":11,"href":"https:\/\/droitausoleil.ovh\/index.php\/wp-json\/wp\/v2\/pages\/5\/revisions"}],"predecessor-version":[{"id":34,"href":"https:\/\/droitausoleil.ovh\/index.php\/wp-json\/wp\/v2\/pages\/5\/revisions\/34"}],"wp:attachment":[{"href":"https:\/\/droitausoleil.ovh\/index.php\/wp-json\/wp\/v2\/media?parent=5"}],"curies":[{"name":"wp","href":"https:\/\/api.w.org\/{rel}","templated":true}]}}